{"id":11,"date":"2024-10-04T11:03:48","date_gmt":"2024-10-04T11:03:48","guid":{"rendered":"https:\/\/sulliwanunplugged.ee\/shop\/"},"modified":"2025-01-16T07:17:21","modified_gmt":"2025-01-16T07:17:21","slug":"shop","status":"publish","type":"page","link":"https:\/\/sulliwanunplugged.ee\/et\/shop\/","title":{"rendered":"UnpluggedShop"},"content":{"rendered":"<p>[et_pb_section fb_built=&#8221;1&#8243; admin_label=&#8221;Header&#8221; _builder_version=&#8221;4.27.4&#8243; _module_preset=&#8221;default&#8221; use_background_color_gradient=&#8221;on&#8221; background_color_gradient_stops=&#8221;rgba(43,43,43,0.85) 1%|rgba(43,43,43,0.85) 100%&#8221; background_color_gradient_overlays_image=&#8221;on&#8221; background_image=&#8221;https:\/\/sulliwanunplugged.ee\/wp-content\/uploads\/2024\/12\/nariinokturn-middle-scaled.jpg&#8221; parallax=&#8221;on&#8221; background_blend=&#8221;multiply&#8221; custom_padding=&#8221;||10vw||false|false&#8221; locked=&#8221;off&#8221; collapsed=&#8221;on&#8221; global_colors_info=&#8221;{}&#8221;][et_pb_row _builder_version=&#8221;4.21.0&#8243; _module_preset=&#8221;default&#8221; max_width=&#8221;1280px&#8221; global_colors_info=&#8221;{}&#8221;][et_pb_column type=&#8221;4_4&#8243; _builder_version=&#8221;4.21.0&#8243; _module_preset=&#8221;default&#8221; global_colors_info=&#8221;{}&#8221;][et_pb_divider color=&#8221;gcid-73408ef3-8d7e-4e2c-a307-3f6f154d7ffc&#8221; divider_weight=&#8221;6px&#8221; _builder_version=&#8221;4.21.0&#8243; _module_preset=&#8221;default&#8221; max_width=&#8221;48px&#8221; global_colors_info=&#8221;{%22gcid-73408ef3-8d7e-4e2c-a307-3f6f154d7ffc%22:%91%22color%22%93}&#8221;][\/et_pb_divider][et_pb_text _builder_version=&#8221;4.27.4&#8243; _module_preset=&#8221;_initial&#8221; text_font=&#8221;Aboreto||||||||&#8221; text_font_size=&#8221;10px&#8221; header_font=&#8221;Aboreto||||||||&#8221; header_2_font=&#8221;Aboreto||||||||&#8221; header_3_font=&#8221;Aboreto||||||||&#8221; header_4_font=&#8221;Aboreto|700||on|||||&#8221; header_4_font_size=&#8221;14px&#8221; header_4_letter_spacing=&#8221;0.7em&#8221; header_4_line_height=&#8221;1.4em&#8221; background_layout=&#8221;dark&#8221; custom_margin=&#8221;||0px||false|false&#8221; global_colors_info=&#8221;{}&#8221;]<\/p>\n<h4>Welcome to the Sulliwan Unplugged webshop<\/h4>\n<p>[\/et_pb_text][et_pb_text _builder_version=&#8221;4.27.4&#8243; _module_preset=&#8221;_initial&#8221; header_font=&#8221;Aboreto||||||||&#8221; header_font_size=&#8221;4vw&#8221; header_line_height=&#8221;0.8em&#8221; background_layout=&#8221;dark&#8221; global_colors_info=&#8221;{}&#8221;]<\/p>\n<h1>Unplugged Shop<\/h1>\n<p>[\/et_pb_text][\/et_pb_column][\/et_pb_row][\/et_pb_section][et_pb_section fb_built=&#8221;1&#8243; admin_label=&#8221;Today&#8217;s Special&#8221; _builder_version=&#8221;4.27.4&#8243; _module_preset=&#8221;default&#8221; background_color=&#8221;RGBA(255,255,255,0)&#8221; custom_padding=&#8221;||0px||false|false&#8221; collapsed=&#8221;off&#8221; global_colors_info=&#8221;{}&#8221;][et_pb_row custom_padding_last_edited=&#8221;on|tablet&#8221; _builder_version=&#8221;4.27.4&#8243; _module_preset=&#8221;default&#8221; max_width=&#8221;1280px&#8221; custom_margin=&#8221;-8vw||||false|false&#8221; custom_padding_tablet=&#8221;||0px||false|false&#8221; custom_padding_phone=&#8221;||0px||false|false&#8221; locked=&#8221;off&#8221; global_colors_info=&#8221;{}&#8221;][et_pb_column type=&#8221;4_4&#8243; _builder_version=&#8221;4.21.0&#8243; _module_preset=&#8221;default&#8221; global_colors_info=&#8221;{}&#8221;][et_pb_shop columns_number=&#8221;3&#8243; _builder_version=&#8221;4.27.4&#8243; _module_preset=&#8221;default&#8221; title_text_color=&#8221;#997500&#8243; module_alignment=&#8221;center&#8221; animation_style=&#8221;fade&#8221; animation_duration=&#8221;1500ms&#8221; animation_delay=&#8221;500ms&#8221; border_width_all_image=&#8221;1px&#8221; box_shadow_style_image=&#8221;preset2&#8243; global_colors_info=&#8221;{}&#8221;][\/et_pb_shop][\/et_pb_column][\/et_pb_row][et_pb_row _builder_version=&#8221;4.27.4&#8243; _module_preset=&#8221;default&#8221; width=&#8221;100%&#8221; max_width=&#8221;10000px&#8221; custom_margin=&#8221;0px||0px||false|false&#8221; custom_padding=&#8221;0px||0px||false|false&#8221; hover_enabled=&#8221;0&#8243; global_module=&#8221;5450&#8243; saved_tabs=&#8221;all&#8221; global_colors_info=&#8221;{}&#8221; sticky_enabled=&#8221;0&#8243; background_color=&#8221;rgba(224,153,0,0.26)&#8221; module_alignment=&#8221;center&#8221;][et_pb_column type=&#8221;4_4&#8243; _builder_version=&#8221;4.27.4&#8243; _module_preset=&#8221;default&#8221; hover_enabled=&#8221;0&#8243; global_colors_info=&#8221;{}&#8221; custom_padding=&#8221;||||false|false&#8221; sticky_enabled=&#8221;0&#8243;][et_pb_text _builder_version=&#8221;4.27.4&#8243; _module_preset=&#8221;default&#8221; text_line_height=&#8221;1.4em&#8221; background_color=&#8221;RGBA(255,255,255,0)&#8221; width=&#8221;100%&#8221; hover_enabled=&#8221;0&#8243; global_colors_info=&#8221;{}&#8221; custom_margin=&#8221;5px||-20px||false|false&#8221; sticky_enabled=&#8221;0&#8243; text_text_color=&#8221;#e5e5e5&#8243; text_font_size=&#8221;12px&#8221; text_font=&#8221;Aboreto||||||||&#8221; text_letter_spacing=&#8221;3px&#8221; text_orientation=&#8221;center&#8221; background_layout=&#8221;dark&#8221; link_font=&#8221;Aboreto||||||||&#8221; link_text_color=&#8221;#FFFFFF&#8221;]<\/p>\n<table border=\"0\" style=\"width: 100%; border-collapse: collapse; border-style: none; margin-left: auto; margin-right: auto;\">\n<tbody>\n<tr>\n<td colspan=\"2\" style=\"border-style: none; text-align: center;\">MQ Gradisent O\u00dc,<br \/>R\u00f5\u00f5mu 3, 75404 Luige alevik. Kiili vald.<br \/>E-mail: &#115;&#117;lli&#119;&#97;n&#117;n&#112;&#108;ug&#103;ed&#64;&#103;&#109;ail&#46;&#99;&#111;m<\/td>\n<\/tr>\n<tr style=\"height: 24px;\">\n<td style=\"border-style: none; text-align: center;\"><a href=\"https:\/\/sulliwanunplugged.ee\/?page_id=227\" target=\"_blank\" rel=\"noopener\">Sales Terms<\/a><\/td>\n<td style=\"width: 50%; border-style: none; text-align: center;\"><a href=\"https:\/\/sulliwanunplugged.ee\/?page_id=3\" target=\"_blank\" rel=\"noopener\">Privacy<\/a><\/td>\n<\/tr>\n<\/tbody>\n<\/table>\n<p>[\/et_pb_text][\/et_pb_column][\/et_pb_row][\/et_pb_section]<\/p>\n","protected":false},"excerpt":{"rendered":"<p>Welcome to the Sulliwan Unplugged webshopUnplugged Shop MQ Gradisent O\u00dc,R\u00f5\u00f5mu 3, 75404 Luige alevik. Kiili vald.E-mail: sul&#108;iw&#97;nu&#110;p&#108;u&#103;&#103;&#101;d&#64;g&#109;&#97;&#105;l&#46;c&#111;&#109; Sales Terms Privacy<\/p>","protected":false},"author":1,"featured_media":0,"parent":0,"menu_order":0,"comment_status":"closed","ping_status":"closed","template":"","meta":{"_et_pb_use_builder":"on","_et_pb_old_content":"","_et_gb_content_width":"","_monsterinsights_skip_tracking":false,"_monsterinsights_sitenote_active":false,"_monsterinsights_sitenote_note":"","_monsterinsights_sitenote_category":0,"footnotes":""},"class_list":["post-11","page","type-page","status-publish","hentry"],"aioseo_notices":[],"jetpack_sharing_enabled":true,"_links":{"self":[{"href":"https:\/\/sulliwanunplugged.ee\/et\/wp-json\/wp\/v2\/pages\/11","targetHints":{"allow":["GET"]}}],"collection":[{"href":"https:\/\/sulliwanunplugged.ee\/et\/wp-json\/wp\/v2\/pages"}],"about":[{"href":"https:\/\/sulliwanunplugged.ee\/et\/wp-json\/wp\/v2\/types\/page"}],"author":[{"embeddable":true,"href":"https:\/\/sulliwanunplugged.ee\/et\/wp-json\/wp\/v2\/users\/1"}],"replies":[{"embeddable":true,"href":"https:\/\/sulliwanunplugged.ee\/et\/wp-json\/wp\/v2\/comments?post=11"}],"version-history":[{"count":22,"href":"https:\/\/sulliwanunplugged.ee\/et\/wp-json\/wp\/v2\/pages\/11\/revisions"}],"predecessor-version":[{"id":5776,"href":"https:\/\/sulliwanunplugged.ee\/et\/wp-json\/wp\/v2\/pages\/11\/revisions\/5776"}],"wp:attachment":[{"href":"https:\/\/sulliwanunplugged.ee\/et\/wp-json\/wp\/v2\/media?parent=11"}],"curies":[{"name":"wp","href":"https:\/\/api.w.org\/{rel}","templated":true}]}}